{"id":159,"date":"2026-02-23T13:57:57","date_gmt":"2026-02-23T13:57:57","guid":{"rendered":"https:\/\/growpeople.se\/?page_id=159"},"modified":"2026-03-22T15:22:12","modified_gmt":"2026-03-22T15:22:12","slug":"lediga-jobb","status":"publish","type":"page","link":"https:\/\/growpeople.se\/en\/lediga-jobb\/","title":{"rendered":"Lediga jobb"},"content":{"rendered":"<div class=\"wp-block-group alignfull is-style-ext-preset--group--natural-1--section has-tertiary-background-color has-background has-global-padding is-content-justification-right is-layout-constrained wp-container-core-group-is-layout-2c3d6ff3 wp-block-group-is-layout-constrained\" style=\"margin-top:0;margin-bottom:0;padding-top:0;padding-right:var(--wp--preset--spacing--30);padding-bottom:0;padding-left:var(--wp--preset--spacing--30)\">\n<div class=\"wp-block-columns alignwide are-vertically-aligned-top is-layout-flex wp-container-core-columns-is-layout-9a01b68c wp-block-columns-is-layout-flex\" style=\"border-style:none;border-width:0px\">\n<div class=\"wp-block-column is-vertically-aligned-top is-layout-flow wp-block-column-is-layout-flow\" style=\"padding-top:var(--wp--preset--spacing--20);padding-bottom:var(--wp--preset--spacing--20);flex-basis:100%\">\n<p class=\"has-small-font-size\" style=\"line-height:1.2\">H\u00e4r ser du ett urval av v\u00e5ra p\u00e5g\u00e5ende rekryteringar. L\u00e4s mer om v\u00e5ra aktuella tj\u00e4nster och ans\u00f6k nedan om du finner n\u00e5got som passar dig.<\/p>\n\n\n\n<p class=\"has-small-font-size\" style=\"line-height:1.2\">Om du inte hittar n\u00e5got jobb som passar just nu s\u00e5 f\u00e5r du g\u00e4rna ladda upp ditt CV till v\u00e5r <strong>KANDIDATBANK<\/strong>. Klicka p\u00e5 <strong>SPONTANANS\u00d6KAN<\/strong> nedan. <\/p>\n<\/div>\n<\/div>\n<\/div>\n\n\n\n<div class=\"wp-block-group alignfull is-style-ext-preset--group--natural-1--section has-background-background-color has-background has-global-padding is-layout-constrained wp-container-core-group-is-layout-300589ff wp-block-group-is-layout-constrained\" style=\"margin-top:0;margin-bottom:0;padding-top:var(--wp--preset--spacing--40);padding-bottom:var(--wp--preset--spacing--40)\">        <ul class=\"pnty-list\">\n                                <li>\n                <a class=\"pnty-list-title\" title=\"Permalink for Client Solutions Manager\" href=\"https:\/\/growpeople.se\/en\/jobs\/6-client-solutions-manager\/\">Client Solutions Manager<\/a>\n                                                    <span class=\"pnty-list-organization-name\">Channel Factory Nordics AB<\/span>\n                                                                            <\/li>\n                                <li>\n                <a class=\"pnty-list-title\" title=\"Permalink for Jr. Client Solutions Manager\" href=\"https:\/\/growpeople.se\/en\/jobs\/7-jr-client-solutions-manager\/\">Jr. Client Solutions Manager<\/a>\n                                                    <span class=\"pnty-list-organization-name\">Channel Factory Nordics AB<\/span>\n                                                                            <\/li>\n                                <li>\n                <a class=\"pnty-list-title\" title=\"Permalink for Senior Account Manager\" href=\"https:\/\/growpeople.se\/en\/jobs\/1-senior-account-manager\/\">Senior Account Manager<\/a>\n                                                    <span class=\"pnty-list-organization-name\">Bilendi<\/span>\n                                                                            <\/li>\n                                <li>\n                <a class=\"pnty-list-title\" title=\"Permalink for Registrera dig h\u00e4r\" href=\"https:\/\/growpeople.se\/en\/jobs\/2-registrera-dig-har\/\">Registrera dig h\u00e4r<\/a>\n                                                    <span class=\"pnty-list-organization-name\">Grow People<\/span>\n                                                                            <\/li>\n                                <li>\n                <a class=\"pnty-list-title\" title=\"Permalink for Spontanans\u00f6kan\" href=\"https:\/\/growpeople.se\/en\/jobs\/5-spontanansokan\/\">Spontanans\u00f6kan<\/a>\n                                                    <span class=\"pnty-list-organization-name\">Grow People<\/span>\n                                                                            <\/li>\n                                <li>\n                <a class=\"pnty-list-title\" title=\"Permalink for Senior Broadcast Specialist\" href=\"https:\/\/growpeople.se\/en\/jobs\/4-senior-broadcast-specialist\/\">Senior Broadcast Specialist<\/a>\n                                                    <span class=\"pnty-list-organization-name\">HowCom<\/span>\n                                                                            <\/li>\n            <\/ul>\n\n<\/div>\n\n\n\n<div class=\"wp-block-group alignfull is-style-ext-preset--group--natural-1--section has-background-background-color has-background has-global-padding is-layout-constrained wp-container-core-group-is-layout-e96f6837 wp-block-group-is-layout-constrained\" style=\"margin-top:0;margin-bottom:0;padding-top:0;padding-right:0;padding-bottom:0;padding-left:0\">\n<div class=\"wp-block-cover alignfull is-style-ext-preset--cover--natural-1--cover-overlay-1 is-style-ext-preset--cover--natural-1--cover-overlay-1--4\" style=\"padding-top:var(--wp--preset--spacing--70);padding-right:var(--wp--preset--spacing--30);padding-bottom:var(--wp--preset--spacing--70);padding-left:var(--wp--preset--spacing--30)\"><img loading=\"lazy\" decoding=\"async\" width=\"1440\" height=\"960\" class=\"wp-block-cover__image-background wp-image-172\" alt=\"\" src=\"https:\/\/growpeople.se\/wp-content\/uploads\/2026\/01\/286dcb20acd976d58fd469b690a6f767a1a2303e.jpg\" data-object-fit=\"cover\" srcset=\"https:\/\/growpeople.se\/wp-content\/uploads\/2026\/01\/286dcb20acd976d58fd469b690a6f767a1a2303e.jpg 1440w, https:\/\/growpeople.se\/wp-content\/uploads\/2026\/01\/286dcb20acd976d58fd469b690a6f767a1a2303e-300x200.jpg 300w, https:\/\/growpeople.se\/wp-content\/uploads\/2026\/01\/286dcb20acd976d58fd469b690a6f767a1a2303e-1024x683.jpg 1024w, https:\/\/growpeople.se\/wp-content\/uploads\/2026\/01\/286dcb20acd976d58fd469b690a6f767a1a2303e-768x512.jpg 768w, https:\/\/growpeople.se\/wp-content\/uploads\/2026\/01\/286dcb20acd976d58fd469b690a6f767a1a2303e-18x12.jpg 18w\" sizes=\"auto, (max-width: 1440px) 100vw, 1440px\" \/><span aria-hidden=\"true\" class=\"wp-block-cover__background has-background-dim-80 has-background-dim\" style=\"background-color:#010101\"><\/span><div class=\"wp-block-cover__inner-container has-global-padding is-layout-constrained wp-container-core-cover-is-layout-5cffc2c1 wp-block-cover-is-layout-constrained\">\n<div class=\"wp-block-group alignwide is-vertical is-content-justification-center is-layout-flex wp-container-core-group-is-layout-c9ee0c5a wp-block-group-is-layout-flex\">\n<div class=\"wp-block-group has-global-padding is-layout-constrained wp-container-core-group-is-layout-2287c683 wp-block-group-is-layout-constrained\">\n<h2 class=\"wp-block-heading has-text-align-center\">\u00c4r eller vill du bli Konsult?<\/h2>\n\n\n\n<p class=\"has-text-align-center\">Ladda upp ditt CV till v\u00e5r <strong>KONSULTPOOL<\/strong> s\u00e5 kontaktar vi dig s\u00e5 snart vi har ett uppdrag som matchar din kompetens.  <\/p>\n<\/div>\n\n\n\n<div class=\"wp-block-buttons is-layout-flex wp-block-buttons-is-layout-flex\">\n<div class=\"wp-block-button is-style-ext-preset--button--natural-1--button-1 is-style-ext-preset--button--natural-1--button-1--5\"><a class=\"wp-block-button__link wp-element-button\" href=\"https:\/\/pnty-apply.ponty-system.se\/growpeople?id=2\" target=\"_blank\" rel=\"noreferrer noopener\">Ladda upp ditt CV<\/a><\/div>\n<\/div>\n<\/div>\n<\/div><\/div>\n<\/div>","protected":false},"excerpt":{"rendered":"<p>H\u00e4r ser du ett urval av v\u00e5ra p\u00e5g\u00e5ende rekryteringar. L\u00e4s mer om v\u00e5ra aktuella tj\u00e4nster och ans\u00f6k nedan om du finner n\u00e5got som passar dig. Om du inte hittar n\u00e5got jobb som passar just nu s\u00e5 f\u00e5r du g\u00e4rna ladda upp ditt CV till v\u00e5r KANDIDATBANK. Klicka p\u00e5 SPONTANANS\u00d6KAN nedan.<\/p>","protected":false},"author":1,"featured_media":0,"parent":0,"menu_order":0,"comment_status":"closed","ping_status":"closed","template":"page-with-title","meta":{"footnotes":""},"class_list":["post-159","page","type-page","status-publish","hentry"],"aioseo_notices":[],"_links":{"self":[{"href":"https:\/\/growpeople.se\/en\/wp-json\/wp\/v2\/pages\/159","targetHints":{"allow":["GET"]}}],"collection":[{"href":"https:\/\/growpeople.se\/en\/wp-json\/wp\/v2\/pages"}],"about":[{"href":"https:\/\/growpeople.se\/en\/wp-json\/wp\/v2\/types\/page"}],"author":[{"embeddable":true,"href":"https:\/\/growpeople.se\/en\/wp-json\/wp\/v2\/users\/1"}],"replies":[{"embeddable":true,"href":"https:\/\/growpeople.se\/en\/wp-json\/wp\/v2\/comments?post=159"}],"version-history":[{"count":19,"href":"https:\/\/growpeople.se\/en\/wp-json\/wp\/v2\/pages\/159\/revisions"}],"predecessor-version":[{"id":253,"href":"https:\/\/growpeople.se\/en\/wp-json\/wp\/v2\/pages\/159\/revisions\/253"}],"wp:attachment":[{"href":"https:\/\/growpeople.se\/en\/wp-json\/wp\/v2\/media?parent=159"}],"curies":[{"name":"wp","href":"https:\/\/api.w.org\/{rel}","templated":true}]}}