{"id":26,"date":"2026-01-23T15:06:48","date_gmt":"2026-01-23T15:06:48","guid":{"rendered":"https:\/\/growpeople.se\/om\/"},"modified":"2026-01-27T20:41:06","modified_gmt":"2026-01-27T20:41:06","slug":"om","status":"publish","type":"page","link":"https:\/\/growpeople.se\/en\/om\/","title":{"rendered":"Om"},"content":{"rendered":"<div class=\"wp-block-group alignfull is-style-ext-preset--group--natural-1--section has-background-background-color has-background has-global-padding is-layout-constrained wp-block-group-is-layout-constrained\" id=\"om\" style=\"margin-top:0;margin-bottom:0;padding-top:var(--wp--preset--spacing--70);padding-bottom:var(--wp--preset--spacing--70)\">\n<div class=\"wp-block-columns alignwide are-vertically-aligned-center is-layout-flex wp-container-core-columns-is-layout-174606dc wp-block-columns-is-layout-flex\">\n<div class=\"wp-block-column is-vertically-aligned-center is-layout-flow wp-block-column-is-layout-flow\">\n<figure class=\"wp-block-image is-style-ext-preset--image--natural-1--image-1--content-right is-style-ext-preset--image--natural-1--image-1--content-right--2\"><img loading=\"lazy\" decoding=\"async\" width=\"1440\" height=\"961\" src=\"https:\/\/growpeople.se\/wp-content\/uploads\/2026\/01\/a9ab5bd259acf5c19679c71459e4bfd97fcc0838.jpg\" alt=\"\" class=\"wp-image-42\" style=\"aspect-ratio:1;object-fit:cover\" srcset=\"https:\/\/growpeople.se\/wp-content\/uploads\/2026\/01\/a9ab5bd259acf5c19679c71459e4bfd97fcc0838.jpg 1440w, https:\/\/growpeople.se\/wp-content\/uploads\/2026\/01\/a9ab5bd259acf5c19679c71459e4bfd97fcc0838-300x200.jpg 300w, https:\/\/growpeople.se\/wp-content\/uploads\/2026\/01\/a9ab5bd259acf5c19679c71459e4bfd97fcc0838-1024x683.jpg 1024w, https:\/\/growpeople.se\/wp-content\/uploads\/2026\/01\/a9ab5bd259acf5c19679c71459e4bfd97fcc0838-768x513.jpg 768w, https:\/\/growpeople.se\/wp-content\/uploads\/2026\/01\/a9ab5bd259acf5c19679c71459e4bfd97fcc0838-18x12.jpg 18w\" sizes=\"auto, (max-width: 1440px) 100vw, 1440px\" \/><\/figure>\n<\/div>\n\n\n\n<div class=\"wp-block-column is-vertically-aligned-center is-layout-flow wp-block-column-is-layout-flow\">\n<div class=\"wp-block-group alignwide is-vertical is-layout-flex wp-container-core-group-is-layout-c35747d5 wp-block-group-is-layout-flex\">\n<div class=\"wp-block-group has-global-padding is-layout-constrained wp-container-core-group-is-layout-dd32767c wp-block-group-is-layout-constrained\">\n<h2 class=\"wp-block-heading\">M\u00f6t Teamet p\u00e5 Grow People<\/h2>\n\n\n\n<p style=\"line-height:1.3\">V\u00e5ra konsulter \u00e4r k\u00e4rnan i allt vi g\u00f6r \u2013 erfarna, lyh\u00f6rda och passionerade i att hitta r\u00e4tt person f\u00f6r varje uppdrag. H\u00f6r g\u00e4rna av dig.<\/p>\n<\/div>\n<\/div>\n<\/div>\n<\/div>\n<\/div>\n\n\n\n<div class=\"wp-block-group alignfull is-style-ext-preset--group--natural-1--section has-tertiary-background-color has-background has-global-padding is-layout-constrained wp-container-core-group-is-layout-9c1ef23d wp-block-group-is-layout-constrained\" id=\"team\" style=\"min-height:0px;margin-top:0;margin-bottom:0;padding-top:var(--wp--preset--spacing--40);padding-bottom:var(--wp--preset--spacing--40)\">\n<div class=\"wp-block-columns alignwide is-layout-flex wp-container-core-columns-is-layout-08c01c1c wp-block-columns-is-layout-flex\">\n<div class=\"wp-block-column is-vertically-aligned-stretch is-layout-flow wp-container-core-column-is-layout-119bc444 wp-block-column-is-layout-flow\">\n<div class=\"wp-block-group is-style-ext-preset--group--natural-1--item-card-1--align-start is-vertical is-content-justification-stretch is-layout-flex wp-container-core-group-is-layout-353c4f5a wp-block-group-is-layout-flex is-style-ext-preset--group--natural-1--item-card-1--align-start--4\" style=\"min-height:100%\">\n<div class=\"wp-block-columns wp-container-content-9cfa9a5a is-layout-flex wp-container-core-columns-is-layout-28232c24 wp-block-columns-is-layout-flex\">\n<div class=\"wp-block-column is-vertically-aligned-stretch is-layout-flow wp-block-column-is-layout-flow\">\n<div class=\"wp-block-cover is-light is-style-ext-preset--cover--natural-1--cover-overlay-1 wp-duotone-unset-6 is-style-ext-preset--cover--natural-1--cover-overlay-1--5\" style=\"margin-top:var(--wp--preset--spacing--20);margin-bottom:var(--wp--preset--spacing--20);padding-top:0;padding-right:0;padding-bottom:0;padding-left:0;min-height:578px;aspect-ratio:unset;\"><img loading=\"lazy\" decoding=\"async\" width=\"2560\" height=\"1708\" class=\"wp-block-cover__image-background wp-image-149 size-full\" alt=\"\" src=\"https:\/\/growpeople.se\/wp-content\/uploads\/2026\/01\/Linda-ensam_fotoJulianaWG_264-scaled.jpg\" data-object-fit=\"cover\" srcset=\"https:\/\/growpeople.se\/wp-content\/uploads\/2026\/01\/Linda-ensam_fotoJulianaWG_264-scaled.jpg 2560w, https:\/\/growpeople.se\/wp-content\/uploads\/2026\/01\/Linda-ensam_fotoJulianaWG_264-300x200.jpg 300w, https:\/\/growpeople.se\/wp-content\/uploads\/2026\/01\/Linda-ensam_fotoJulianaWG_264-1024x683.jpg 1024w, https:\/\/growpeople.se\/wp-content\/uploads\/2026\/01\/Linda-ensam_fotoJulianaWG_264-768x512.jpg 768w, https:\/\/growpeople.se\/wp-content\/uploads\/2026\/01\/Linda-ensam_fotoJulianaWG_264-1536x1025.jpg 1536w, https:\/\/growpeople.se\/wp-content\/uploads\/2026\/01\/Linda-ensam_fotoJulianaWG_264-2048x1366.jpg 2048w, https:\/\/growpeople.se\/wp-content\/uploads\/2026\/01\/Linda-ensam_fotoJulianaWG_264-18x12.jpg 18w\" sizes=\"auto, (max-width: 2560px) 100vw, 2560px\" \/><span aria-hidden=\"true\" class=\"wp-block-cover__background has-background-dim-0 has-background-dim\" style=\"background-color:#b6b3a9\"><\/span><div class=\"wp-block-cover__inner-container has-global-padding is-layout-constrained wp-container-core-cover-is-layout-0cac0516 wp-block-cover-is-layout-constrained\">\n<div style=\"height:160px\" aria-hidden=\"true\" class=\"wp-block-spacer\"><\/div>\n<\/div><\/div>\n<\/div>\n\n\n\n<div class=\"wp-block-column is-vertically-aligned-top is-layout-flow wp-container-core-column-is-layout-8a368f38 wp-block-column-is-layout-flow\">\n<div class=\"wp-block-group is-style-default has-global-padding is-layout-constrained wp-container-core-group-is-layout-df8428a5 wp-block-group-is-layout-constrained\" style=\"padding-top:0;padding-right:var(--wp--preset--spacing--30);padding-bottom:0;padding-left:var(--wp--preset--spacing--30)\">\n<h1 class=\"wp-block-heading\" style=\"font-size:clamp(15.197px, 0.95rem + ((1vw - 3.2px) * 0.813), 23px);line-height:2.1\"><strong>Linda Skyllner | Grundare &amp; VD<\/strong><\/h1>\n\n\n\n<p style=\"margin-top:0;margin-bottom:0;font-size:clamp(14px, 0.875rem + ((1vw - 3.2px) * 0.417), 18px);line-height:1.3\">Med \u00f6ver 25 \u00e5rs erfarenhet fr\u00e5n ledande mediabyr\u00e5er har Linda en unik f\u00f6rst\u00e5else f\u00f6r vad som kr\u00e4vs f\u00f6r att lyckas inom media, marknad och f\u00f6rs\u00e4ljning.<\/p>\n\n\n\n<p><\/p>\n\n\n\n<p style=\"margin-top:0;margin-bottom:0;font-size:clamp(14px, 0.875rem + ((1vw - 3.2px) * 0.417), 18px);line-height:1.3\">De senaste sju \u00e5ren har hon hj\u00e4lpt f\u00f6retag att hitta sina nyckelpersoner &#8211; fr\u00e5n aff\u00e4rskritiska chefsroller till specialister med spetskompetens. <\/p>\n\n\n\n<p><\/p>\n\n\n\n<p style=\"margin-top:0;margin-bottom:0;font-size:clamp(14px, 0.875rem + ((1vw - 3.2px) * 0.417), 18px);line-height:1.3\">Lindas styrka ligger inte bara i hennes branschkunskap, utan i hennes f\u00f6rm\u00e5ga att se m\u00e4nniskan bakom CV:et. Med skarp analys, lyh\u00f6rdhet och fingertoppsk\u00e4nsla har hon levererat tr\u00e4ffs\u00e4kra matchningar som skapat verkligt resultat f\u00f6r en m\u00e4ngd framg\u00e5ngsrika f\u00f6retag.<\/p>\n\n\n\n<ul class=\"wp-block-social-links has-normal-icon-size has-icon-color is-style-logos-only is-layout-flex wp-container-core-social-links-is-layout-0d829a00 wp-block-social-links-is-layout-flex\" style=\"margin-top:24px\"><li style=\"color:#0B0620;\" class=\"wp-social-link wp-social-link-linkedin has-foreground-color wp-block-social-link\"><a href=\"https:\/\/www.linkedin.com\/in\/linda-skyllner-0aa1a22a\/\" class=\"wp-block-social-link-anchor\"><svg width=\"24\" height=\"24\" viewbox=\"0 0 24 24\" version=\"1.1\" xmlns=\"http:\/\/www.w3.org\/2000\/svg\" aria-hidden=\"true\" focusable=\"false\"><path d=\"M19.7,3H4.3C3.582,3,3,3.582,3,4.3v15.4C3,20.418,3.582,21,4.3,21h15.4c0.718,0,1.3-0.582,1.3-1.3V4.3 C21,3.582,20.418,3,19.7,3z M8.339,18.338H5.667v-8.59h2.672V18.338z M7.004,8.574c-0.857,0-1.549-0.694-1.549-1.548 c0-0.855,0.691-1.548,1.549-1.548c0.854,0,1.547,0.694,1.547,1.548C8.551,7.881,7.858,8.574,7.004,8.574z M18.339,18.338h-2.669 v-4.177c0-0.996-0.017-2.278-1.387-2.278c-1.389,0-1.601,1.086-1.601,2.206v4.249h-2.667v-8.59h2.559v1.174h0.037 c0.356-0.675,1.227-1.387,2.526-1.387c2.703,0,3.203,1.779,3.203,4.092V18.338z\"><\/path><\/svg><span class=\"wp-block-social-link-label screen-reader-text\">LinkedIn<\/span><\/a><\/li>\n\n<li style=\"color:#0B0620;\" class=\"wp-social-link wp-social-link-mail has-foreground-color wp-block-social-link\"><a href=\"mailto:l&#105;&#110;&#100;&#097;&#064;&#103;&#114;o&#119;&#112;eop&#108;&#101;.&#115;&#101;\" class=\"wp-block-social-link-anchor\"><svg width=\"24\" height=\"24\" viewbox=\"0 0 24 24\" version=\"1.1\" xmlns=\"http:\/\/www.w3.org\/2000\/svg\" aria-hidden=\"true\" focusable=\"false\"><path d=\"M19,5H5c-1.1,0-2,.9-2,2v10c0,1.1.9,2,2,2h14c1.1,0,2-.9,2-2V7c0-1.1-.9-2-2-2zm.5,12c0,.3-.2.5-.5.5H5c-.3,0-.5-.2-.5-.5V9.8l7.5,5.6,7.5-5.6V17zm0-9.1L12,13.6,4.5,7.9V7c0-.3.2-.5.5-.5h14c.3,0,.5.2.5.5v.9z\"><\/path><\/svg><span class=\"wp-block-social-link-label screen-reader-text\">Mail<\/span><\/a><\/li><\/ul>\n<\/div>\n<\/div>\n<\/div>\n<\/div>\n<\/div>\n<\/div>\n<\/div>\n\n\n\n<div class=\"wp-block-group alignfull is-style-ext-preset--group--natural-1--section has-background-background-color has-background has-global-padding is-layout-constrained wp-container-core-group-is-layout-9c1ef23d wp-block-group-is-layout-constrained\" id=\"team\" style=\"min-height:0px;margin-top:0;margin-bottom:0;padding-top:var(--wp--preset--spacing--40);padding-bottom:var(--wp--preset--spacing--40)\">\n<div class=\"wp-block-columns alignwide is-layout-flex wp-container-core-columns-is-layout-08c01c1c wp-block-columns-is-layout-flex\">\n<div class=\"wp-block-column is-vertically-aligned-stretch is-layout-flow wp-container-core-column-is-layout-119bc444 wp-block-column-is-layout-flow\">\n<div class=\"wp-block-group is-style-ext-preset--group--natural-1--item-card-1--align-start is-vertical is-content-justification-stretch is-layout-flex wp-container-core-group-is-layout-353c4f5a wp-block-group-is-layout-flex is-style-ext-preset--group--natural-1--item-card-1--align-start--8\" style=\"min-height:100%\">\n<div class=\"wp-block-columns wp-container-content-9cfa9a5a is-layout-flex wp-container-core-columns-is-layout-28232c24 wp-block-columns-is-layout-flex\">\n<div class=\"wp-block-column is-vertically-aligned-stretch is-layout-flow wp-block-column-is-layout-flow\">\n<div class=\"wp-block-cover is-light is-style-ext-preset--cover--natural-1--cover-overlay-1 wp-duotone-unset-10 is-style-ext-preset--cover--natural-1--cover-overlay-1--9\" style=\"margin-top:var(--wp--preset--spacing--20);margin-bottom:var(--wp--preset--spacing--20);padding-top:0;padding-right:0;padding-bottom:0;padding-left:0;min-height:578px;aspect-ratio:unset;\"><img loading=\"lazy\" decoding=\"async\" width=\"552\" height=\"720\" class=\"wp-block-cover__image-background wp-image-75 size-full\" alt=\"\" src=\"https:\/\/growpeople.se\/wp-content\/uploads\/2026\/01\/Thomas-staende.png\" data-object-fit=\"cover\" srcset=\"https:\/\/growpeople.se\/wp-content\/uploads\/2026\/01\/Thomas-staende.png 552w, https:\/\/growpeople.se\/wp-content\/uploads\/2026\/01\/Thomas-staende-230x300.png 230w, https:\/\/growpeople.se\/wp-content\/uploads\/2026\/01\/Thomas-staende-9x12.png 9w\" sizes=\"auto, (max-width: 552px) 100vw, 552px\" \/><span aria-hidden=\"true\" class=\"wp-block-cover__background has-background-dim-0 has-background-dim\" style=\"background-color:#a9a8a7\"><\/span><div class=\"wp-block-cover__inner-container has-global-padding is-layout-constrained wp-container-core-cover-is-layout-0cac0516 wp-block-cover-is-layout-constrained\">\n<div style=\"height:160px\" aria-hidden=\"true\" class=\"wp-block-spacer\"><\/div>\n<\/div><\/div>\n<\/div>\n\n\n\n<div class=\"wp-block-column is-vertically-aligned-top is-layout-flow wp-container-core-column-is-layout-8a368f38 wp-block-column-is-layout-flow\">\n<div class=\"wp-block-group is-style-default has-global-padding is-layout-constrained wp-container-core-group-is-layout-df8428a5 wp-block-group-is-layout-constrained\" style=\"padding-top:0;padding-right:var(--wp--preset--spacing--30);padding-bottom:0;padding-left:var(--wp--preset--spacing--30)\">\n<h1 class=\"wp-block-heading\" style=\"font-size:clamp(15.197px, 0.95rem + ((1vw - 3.2px) * 0.813), 23px);line-height:2.1\"><strong>Thomas Eriksson | Styrelseledamot<\/strong><\/h1>\n\n\n\n<p style=\"margin-top:0;margin-bottom:0;font-size:clamp(14px, 0.875rem + ((1vw - 3.2px) * 0.417), 18px);line-height:1.3\">Thomas har en l\u00e5ng idrottsbakgrund som format honom som coach och ledare, med en stark k\u00e4nsla f\u00f6r kultur, m\u00e4nniskor och f\u00f6r\u00e4ndring. <\/p>\n\n\n\n<p><\/p>\n\n\n\n<p style=\"margin-top:0;margin-bottom:0;font-size:clamp(14px, 0.875rem + ((1vw - 3.2px) * 0.417), 18px);line-height:1.3\">Han har grundat fem f\u00f6retag \u2013 fr\u00e5n telekom till innovativa satsningar inom ishockey \u2013 och b\u00e4r med sig en entrepren\u00f6rsdriven nyfikenhet i allt han g\u00f6r. <\/p>\n\n\n\n<p><\/p>\n\n\n\n<p style=\"margin-top:0;margin-bottom:0;font-size:clamp(14px, 0.875rem + ((1vw - 3.2px) * 0.417), 18px);line-height:1.3\">Med mer \u00e4n 20 \u00e5rs erfarenhet inom marknad och f\u00f6rs\u00e4ljning har Thomas lett utveckling av aff\u00e4rsmodeller, team och organisationer genom b\u00e5de tillv\u00e4xt och f\u00f6r\u00e4ndring.<\/p>\n\n\n\n<p style=\"margin-top:0;margin-bottom:0;font-size:clamp(14px, 0.875rem + ((1vw - 3.2px) * 0.417), 18px);line-height:1.3\"><\/p>\n\n\n\n<ul class=\"wp-block-social-links has-normal-icon-size has-icon-color is-style-logos-only is-layout-flex wp-container-core-social-links-is-layout-0d829a00 wp-block-social-links-is-layout-flex\" style=\"margin-top:24px\"><li style=\"color:#0B0620;\" class=\"wp-social-link wp-social-link-linkedin has-foreground-color wp-block-social-link\"><a href=\"https:\/\/www.linkedin.com\/in\/linda-skyllner-0aa1a22a\/\" class=\"wp-block-social-link-anchor\"><svg width=\"24\" height=\"24\" viewbox=\"0 0 24 24\" version=\"1.1\" xmlns=\"http:\/\/www.w3.org\/2000\/svg\" aria-hidden=\"true\" focusable=\"false\"><path d=\"M19.7,3H4.3C3.582,3,3,3.582,3,4.3v15.4C3,20.418,3.582,21,4.3,21h15.4c0.718,0,1.3-0.582,1.3-1.3V4.3 C21,3.582,20.418,3,19.7,3z M8.339,18.338H5.667v-8.59h2.672V18.338z M7.004,8.574c-0.857,0-1.549-0.694-1.549-1.548 c0-0.855,0.691-1.548,1.549-1.548c0.854,0,1.547,0.694,1.547,1.548C8.551,7.881,7.858,8.574,7.004,8.574z M18.339,18.338h-2.669 v-4.177c0-0.996-0.017-2.278-1.387-2.278c-1.389,0-1.601,1.086-1.601,2.206v4.249h-2.667v-8.59h2.559v1.174h0.037 c0.356-0.675,1.227-1.387,2.526-1.387c2.703,0,3.203,1.779,3.203,4.092V18.338z\"><\/path><\/svg><span class=\"wp-block-social-link-label screen-reader-text\">LinkedIn<\/span><\/a><\/li><\/ul>\n<\/div>\n<\/div>\n<\/div>\n<\/div>\n<\/div>\n<\/div>\n<\/div>","protected":false},"excerpt":{"rendered":"<p>M\u00f6t Teamet p\u00e5 Grow People V\u00e5ra konsulter \u00e4r k\u00e4rnan i allt vi g\u00f6r \u2013 erfarna, lyh\u00f6rda och passionerade i att hitta r\u00e4tt person f\u00f6r varje uppdrag. H\u00f6r g\u00e4rna av dig. Linda Skyllner | Grundare &amp; VD Med \u00f6ver 25 \u00e5rs erfarenhet fr\u00e5n ledande mediabyr\u00e5er har Linda en unik f\u00f6rst\u00e5else f\u00f6r vad som kr\u00e4vs f\u00f6r att [&hellip;]<\/p>\n","protected":false},"author":1,"featured_media":0,"parent":0,"menu_order":0,"comment_status":"closed","ping_status":"closed","template":"page-with-title","meta":{"footnotes":""},"class_list":["post-26","page","type-page","status-publish","hentry"],"aioseo_notices":[],"_links":{"self":[{"href":"https:\/\/growpeople.se\/en\/wp-json\/wp\/v2\/pages\/26","targetHints":{"allow":["GET"]}}],"collection":[{"href":"https:\/\/growpeople.se\/en\/wp-json\/wp\/v2\/pages"}],"about":[{"href":"https:\/\/growpeople.se\/en\/wp-json\/wp\/v2\/types\/page"}],"author":[{"embeddable":true,"href":"https:\/\/growpeople.se\/en\/wp-json\/wp\/v2\/users\/1"}],"replies":[{"embeddable":true,"href":"https:\/\/growpeople.se\/en\/wp-json\/wp\/v2\/comments?post=26"}],"version-history":[{"count":24,"href":"https:\/\/growpeople.se\/en\/wp-json\/wp\/v2\/pages\/26\/revisions"}],"predecessor-version":[{"id":175,"href":"https:\/\/growpeople.se\/en\/wp-json\/wp\/v2\/pages\/26\/revisions\/175"}],"wp:attachment":[{"href":"https:\/\/growpeople.se\/en\/wp-json\/wp\/v2\/media?parent=26"}],"curies":[{"name":"wp","href":"https:\/\/api.w.org\/{rel}","templated":true}]}}