{"id":32,"date":"2026-01-23T15:06:50","date_gmt":"2026-01-23T15:06:50","guid":{"rendered":"https:\/\/growpeople.se\/startsida\/"},"modified":"2026-01-29T14:21:53","modified_gmt":"2026-01-29T14:21:53","slug":"startsida","status":"publish","type":"page","link":"https:\/\/growpeople.se\/en\/","title":{"rendered":"Startsida"},"content":{"rendered":"<div class=\"wp-block-group alignfull is-style-ext-preset--group--natural-1--section has-background-background-color has-background has-global-padding is-layout-constrained wp-block-group-is-layout-constrained\" style=\"margin-top:0;margin-bottom:0;padding-top:var(--wp--preset--spacing--50);padding-bottom:var(--wp--preset--spacing--70)\">\n<div class=\"wp-block-group alignwide is-style-ext-preset--group--natural-1--item-card-1--align-start has-global-padding is-layout-constrained wp-block-group-is-layout-constrained is-style-ext-preset--group--natural-1--item-card-1--align-start--2\">\n<div class=\"wp-block-cover alignwide is-style-ext-preset--cover--natural-1--cover-overlay-1 is-style-ext-preset--cover--natural-1--cover-overlay-1--3\" style=\"padding-top:var(--wp--preset--spacing--60);padding-right:var(--wp--preset--spacing--30);padding-bottom:var(--wp--preset--spacing--60);padding-left:var(--wp--preset--spacing--30);min-height:45vh;aspect-ratio:unset;\"><img loading=\"lazy\" decoding=\"async\" width=\"1440\" height=\"961\" class=\"wp-block-cover__image-background wp-image-42\" alt=\"\" src=\"https:\/\/growpeople.se\/wp-content\/uploads\/2026\/01\/a9ab5bd259acf5c19679c71459e4bfd97fcc0838.jpg\" data-object-fit=\"cover\" srcset=\"https:\/\/growpeople.se\/wp-content\/uploads\/2026\/01\/a9ab5bd259acf5c19679c71459e4bfd97fcc0838.jpg 1440w, https:\/\/growpeople.se\/wp-content\/uploads\/2026\/01\/a9ab5bd259acf5c19679c71459e4bfd97fcc0838-300x200.jpg 300w, https:\/\/growpeople.se\/wp-content\/uploads\/2026\/01\/a9ab5bd259acf5c19679c71459e4bfd97fcc0838-1024x683.jpg 1024w, https:\/\/growpeople.se\/wp-content\/uploads\/2026\/01\/a9ab5bd259acf5c19679c71459e4bfd97fcc0838-768x513.jpg 768w, https:\/\/growpeople.se\/wp-content\/uploads\/2026\/01\/a9ab5bd259acf5c19679c71459e4bfd97fcc0838-18x12.jpg 18w\" sizes=\"auto, (max-width: 1440px) 100vw, 1440px\" \/><span aria-hidden=\"true\" class=\"wp-block-cover__background has-background-dim-80 has-background-dim\" style=\"background-color:#010101\"><\/span><div class=\"wp-block-cover__inner-container has-global-padding is-layout-constrained wp-container-core-cover-is-layout-c5292bcf wp-block-cover-is-layout-constrained\">\n<div class=\"wp-block-group alignwide is-vertical is-content-justification-center is-layout-flex wp-container-core-group-is-layout-b5c398d7 wp-block-group-is-layout-flex\" style=\"padding-top:0;padding-right:0;padding-bottom:0;padding-left:0\">\n<div class=\"wp-block-group has-global-padding is-layout-constrained wp-container-core-group-is-layout-fbec4601 wp-block-group-is-layout-constrained\" style=\"padding-top:0;padding-right:0;padding-bottom:0;padding-left:0\">\n<h1 class=\"wp-block-heading has-text-align-center has-text-color has-link-color has-xx-large-font-size wp-elements-e06170d6244c8acef88146e12de841ac\" style=\"color:#fefefe\">Vi formar morgondagens framg\u00e5ngsrika f\u00f6retag<\/h1>\n\n\n\n<p class=\"has-text-align-center has-text-color has-link-color wp-elements-11b19354fbe45029d5d0108d74a18a9a\" style=\"color:#fefefe;margin-top:24px;font-size:clamp(14px, 0.875rem + ((1vw - 3.2px) * 0.417), 18px);\">Grow People hittar m\u00e4nniskor som g\u00f6r skillnad \u2013 f\u00f6r sig sj\u00e4lva och f\u00f6r sina arbetsgivare. Tillsammans bygger vi kultur, utveckling och h\u00e5llbara arbetsplatser som skapar framg\u00e5ng<\/p>\n<\/div>\n\n\n\n<div class=\"wp-block-buttons is-layout-flex wp-block-buttons-is-layout-flex\">\n<div class=\"wp-block-button is-style-ext-preset--button--natural-1--button-1 is-style-ext-preset--button--natural-1--button-1--4\"><a class=\"wp-block-button__link has-text-color has-background has-link-color wp-element-button\" href=\"https:\/\/growpeople.se\/en\/tjanster\/\" style=\"color:#101010;background-color:#fefefe\">L\u00e4s mer<\/a><\/div>\n<\/div>\n<\/div>\n<\/div><\/div>\n<\/div>\n<\/div>\n\n\n\n<div class=\"wp-block-group alignfull is-style-ext-preset--group--natural-1--section has-tertiary-background-color has-background has-global-padding is-layout-constrained wp-container-core-group-is-layout-bdd8da57 wp-block-group-is-layout-constrained\" id=\"tjanster\" style=\"margin-top:0;margin-bottom:0;padding-top:var(--wp--preset--spacing--50);padding-bottom:var(--wp--preset--spacing--50)\">\n<div class=\"wp-block-group alignfull is-vertical is-content-justification-center is-layout-flex wp-container-core-group-is-layout-d0d4d811 wp-block-group-is-layout-flex\" style=\"padding-right:0;padding-left:0\">\n<div class=\"wp-block-group has-global-padding is-layout-constrained wp-container-core-group-is-layout-5e05634a wp-block-group-is-layout-constrained\">\n<h2 class=\"wp-block-heading has-text-align-center\">Vi s\u00e4tter m\u00e4nniskan i centrum<\/h2>\n\n\n\n<p class=\"has-text-align-center\">Genom tydliga v\u00e4rderingar och v\u00e5r starka tro p\u00e5 att r\u00e4tt m\u00e4nniska \u00e4r basen i varje framg\u00e5ngsrikt f\u00f6retag st\u00f6djer vi er aff\u00e4r och utveckling. <\/p>\n<\/div>\n<\/div>\n\n\n\n<div class=\"wp-block-columns alignwide is-layout-flex wp-container-core-columns-is-layout-08c01c1c wp-block-columns-is-layout-flex\">\n<div class=\"wp-block-column is-vertically-aligned-stretch is-layout-flow wp-container-core-column-is-layout-f5bb311e wp-block-column-is-layout-flow\">\n<div class=\"wp-block-group is-style-ext-preset--group--natural-1--item-card-1--align-start has-global-padding is-layout-constrained wp-block-group-is-layout-constrained is-style-ext-preset--group--natural-1--item-card-1--align-start--6\">\n<div class=\"wp-block-group is-style-default has-global-padding is-layout-constrained wp-block-group-is-layout-constrained\">\n<figure class=\"wp-block-image aligncenter size-full is-resized ext-aspect-landscape wp-duotone-primary-foreground\"><img loading=\"lazy\" decoding=\"async\" width=\"1024\" height=\"1024\" src=\"https:\/\/growpeople.se\/wp-content\/uploads\/2026\/01\/Grow-People-ikon-1.png\" alt=\"\" class=\"wp-image-85\" style=\"object-fit:cover;width:46px;height:auto\" srcset=\"https:\/\/growpeople.se\/wp-content\/uploads\/2026\/01\/Grow-People-ikon-1.png 1024w, https:\/\/growpeople.se\/wp-content\/uploads\/2026\/01\/Grow-People-ikon-1-300x300.png 300w, https:\/\/growpeople.se\/wp-content\/uploads\/2026\/01\/Grow-People-ikon-1-150x150.png 150w, https:\/\/growpeople.se\/wp-content\/uploads\/2026\/01\/Grow-People-ikon-1-768x768.png 768w, https:\/\/growpeople.se\/wp-content\/uploads\/2026\/01\/Grow-People-ikon-1-12x12.png 12w\" sizes=\"auto, (max-width: 1024px) 100vw, 1024px\" \/><\/figure>\n\n\n\n<h3 class=\"wp-block-heading has-text-align-center\"><strong>M\u00e4nniskan i fokus<\/strong><\/h3>\n\n\n\n<p class=\"has-text-align-center\" style=\"line-height:1.3\">Kompetens \u00e4r grunden, men m\u00e4nniskan bakom skapar resultaten. <\/p>\n<\/div>\n<\/div>\n<\/div>\n\n\n\n<div class=\"wp-block-column is-vertically-aligned-stretch is-layout-flow wp-container-core-column-is-layout-f5bb311e wp-block-column-is-layout-flow\">\n<div class=\"wp-block-group is-style-ext-preset--group--natural-1--item-card-1--align-start has-global-padding is-layout-constrained wp-block-group-is-layout-constrained is-style-ext-preset--group--natural-1--item-card-1--align-start--7\">\n<div class=\"wp-block-group is-style-default has-global-padding is-layout-constrained wp-block-group-is-layout-constrained\">\n<figure class=\"wp-block-image aligncenter size-full is-resized ext-aspect-landscape wp-duotone-primary-foreground\"><img loading=\"lazy\" decoding=\"async\" width=\"1024\" height=\"1024\" src=\"https:\/\/growpeople.se\/wp-content\/uploads\/2026\/01\/Grow-People-ikon-1.png\" alt=\"\" class=\"wp-image-85\" style=\"object-fit:cover;width:46px;height:auto\" srcset=\"https:\/\/growpeople.se\/wp-content\/uploads\/2026\/01\/Grow-People-ikon-1.png 1024w, https:\/\/growpeople.se\/wp-content\/uploads\/2026\/01\/Grow-People-ikon-1-300x300.png 300w, https:\/\/growpeople.se\/wp-content\/uploads\/2026\/01\/Grow-People-ikon-1-150x150.png 150w, https:\/\/growpeople.se\/wp-content\/uploads\/2026\/01\/Grow-People-ikon-1-768x768.png 768w, https:\/\/growpeople.se\/wp-content\/uploads\/2026\/01\/Grow-People-ikon-1-12x12.png 12w\" sizes=\"auto, (max-width: 1024px) 100vw, 1024px\" \/><\/figure>\n\n\n\n<h3 class=\"wp-block-heading has-text-align-center\"><strong>Vi bygger er kultur<\/strong><\/h3>\n\n\n\n<p class=\"has-text-align-center\" style=\"line-height:1.3\">Vi matchar m\u00e4nniskan med ditt team f\u00f6r att skapa ett vinnande lag.<\/p>\n<\/div>\n<\/div>\n<\/div>\n\n\n\n<div class=\"wp-block-column is-vertically-aligned-stretch is-layout-flow wp-container-core-column-is-layout-f5bb311e wp-block-column-is-layout-flow\">\n<div class=\"wp-block-group is-style-ext-preset--group--natural-1--item-card-1--align-start has-global-padding is-layout-constrained wp-block-group-is-layout-constrained is-style-ext-preset--group--natural-1--item-card-1--align-start--8\">\n<div class=\"wp-block-group is-style-default has-global-padding is-layout-constrained wp-block-group-is-layout-constrained\">\n<figure class=\"wp-block-image aligncenter size-full is-resized ext-aspect-landscape wp-duotone-primary-foreground\"><img loading=\"lazy\" decoding=\"async\" width=\"1024\" height=\"1024\" src=\"https:\/\/growpeople.se\/wp-content\/uploads\/2026\/01\/Grow-People-ikon-1.png\" alt=\"\" class=\"wp-image-85\" style=\"object-fit:cover;width:46px;height:auto\" srcset=\"https:\/\/growpeople.se\/wp-content\/uploads\/2026\/01\/Grow-People-ikon-1.png 1024w, https:\/\/growpeople.se\/wp-content\/uploads\/2026\/01\/Grow-People-ikon-1-300x300.png 300w, https:\/\/growpeople.se\/wp-content\/uploads\/2026\/01\/Grow-People-ikon-1-150x150.png 150w, https:\/\/growpeople.se\/wp-content\/uploads\/2026\/01\/Grow-People-ikon-1-768x768.png 768w, https:\/\/growpeople.se\/wp-content\/uploads\/2026\/01\/Grow-People-ikon-1-12x12.png 12w\" sizes=\"auto, (max-width: 1024px) 100vw, 1024px\" \/><\/figure>\n\n\n\n<h3 class=\"wp-block-heading has-text-align-center\"><strong>Vi v\u00e5gar utmana<\/strong><\/h3>\n\n\n\n<p class=\"has-text-align-center\" style=\"line-height:1.3\">En stj\u00e4rna skapas av m\u00e4nniskor som v\u00e5gar s\u00f6ka nya v\u00e4gar. <\/p>\n<\/div>\n<\/div>\n<\/div>\n<\/div>\n<\/div>\n\n\n\n<div class=\"wp-block-group alignfull is-style-ext-preset--group--natural-1--section has-background-background-color has-background has-global-padding is-layout-constrained wp-container-core-group-is-layout-e955bbaf wp-block-group-is-layout-constrained\" id=\"evenemang\" style=\"margin-top:0;margin-bottom:0;padding-top:var(--wp--preset--spacing--70);padding-bottom:var(--wp--preset--spacing--70)\">\n<div class=\"wp-block-group alignwide is-vertical is-content-justification-center is-layout-flex wp-container-core-group-is-layout-c9ee0c5a wp-block-group-is-layout-flex\">\n<div class=\"wp-block-group has-global-padding is-layout-constrained wp-container-core-group-is-layout-2287c683 wp-block-group-is-layout-constrained\">\n<h2 class=\"wp-block-heading has-text-align-center\">V\u00e5ra Tj\u00e4nster<\/h2>\n\n\n\n<p class=\"has-text-align-center\" style=\"line-height:1.3\">Vi \u00e4r din l\u00e5ngsiktiga partner genom expansion, projekt och tillf\u00e4lliga behov. Med m\u00e4nniskan i fokus hittar vi r\u00e4tt kompetens i r\u00e4tt tid och skapar stabilitet i f\u00f6r\u00e4ndring.<\/p>\n<\/div>\n<\/div>\n\n\n\n<div class=\"wp-block-columns alignwide is-layout-flex wp-container-core-columns-is-layout-08c01c1c wp-block-columns-is-layout-flex\">\n<div class=\"wp-block-column is-layout-flow wp-block-column-is-layout-flow\">\n<div class=\"wp-block-group is-style-ext-preset--group--natural-1--item-card-1--align-center has-global-padding is-layout-constrained wp-block-group-is-layout-constrained is-style-ext-preset--group--natural-1--item-card-1--align-center--10\">\n<figure class=\"wp-block-image size-large\"><a href=\"https:\/\/growpeople.se\/en\/tjanster\/\"><img loading=\"lazy\" decoding=\"async\" width=\"1024\" height=\"575\" src=\"https:\/\/growpeople.se\/wp-content\/uploads\/2026\/01\/Konsulttjanster-startsida-1024x575.jpg\" alt=\"\" class=\"wp-image-118\" style=\"aspect-ratio:4\/3;object-fit:cover\" srcset=\"https:\/\/growpeople.se\/wp-content\/uploads\/2026\/01\/Konsulttjanster-startsida-1024x575.jpg 1024w, https:\/\/growpeople.se\/wp-content\/uploads\/2026\/01\/Konsulttjanster-startsida-300x169.jpg 300w, https:\/\/growpeople.se\/wp-content\/uploads\/2026\/01\/Konsulttjanster-startsida-768x432.jpg 768w, https:\/\/growpeople.se\/wp-content\/uploads\/2026\/01\/Konsulttjanster-startsida-1536x863.jpg 1536w, https:\/\/growpeople.se\/wp-content\/uploads\/2026\/01\/Konsulttjanster-startsida-18x10.jpg 18w\" sizes=\"auto, (max-width: 1024px) 100vw, 1024px\" \/><\/a><\/figure>\n\n\n\n<div class=\"wp-block-group is-style-default has-global-padding is-layout-constrained wp-block-group-is-layout-constrained\">\n<h3 class=\"wp-block-heading has-text-align-center\"><strong>Konsult och Interim<\/strong><\/h3>\n\n\n\n<p class=\"has-text-align-center\" style=\"line-height:1.3\">N\u00e4r f\u00f6r\u00e4ndring, vakanser eller akuta utmaningar uppst\u00e5r beh\u00f6vs snabb f\u00f6rst\u00e4rkning. V\u00e5ra erfarna ledare och specialister kliver direkt in och skapar stabilitet, riktning och resultat.<\/p>\n<\/div>\n<\/div>\n<\/div>\n\n\n\n<div class=\"wp-block-column is-layout-flow wp-block-column-is-layout-flow\">\n<div class=\"wp-block-group is-style-ext-preset--group--natural-1--item-card-1--align-center has-global-padding is-layout-constrained wp-block-group-is-layout-constrained is-style-ext-preset--group--natural-1--item-card-1--align-center--11\">\n<figure class=\"wp-block-image size-full\"><a href=\"https:\/\/growpeople.se\/en\/tjanster\/\"><img loading=\"lazy\" decoding=\"async\" width=\"1024\" height=\"1024\" src=\"https:\/\/growpeople.se\/wp-content\/uploads\/2026\/01\/2026-01-26-19-04-04-74942aef-3f41-4597-b8df-2da0e39c7706.jpg\" alt=\"\" class=\"wp-image-90\" style=\"aspect-ratio:4\/3;object-fit:cover\"\/><\/a><\/figure>\n\n\n\n<div class=\"wp-block-group is-style-default has-global-padding is-layout-constrained wp-block-group-is-layout-constrained\">\n<h3 class=\"wp-block-heading has-text-align-center\"><strong>Rekrytering<\/strong><\/h3>\n\n\n\n<p class=\"has-text-align-center\" style=\"line-height:1.3\">Vi hj\u00e4lper er hitta m\u00e4nniskan som verkligen g\u00f6r skillnad. Med bred erfarenhet och f\u00f6rst\u00e5else f\u00f6r v\u00e5ra kunder matchar vi m\u00e4nniskor som b\u00e5de presterar och skapar v\u00e4rde f\u00f6r era kunder<\/p>\n<\/div>\n<\/div>\n<\/div>\n\n\n\n<div class=\"wp-block-column is-layout-flow wp-block-column-is-layout-flow\">\n<div class=\"wp-block-group is-style-ext-preset--group--natural-1--item-card-1--align-center has-global-padding is-layout-constrained wp-block-group-is-layout-constrained is-style-ext-preset--group--natural-1--item-card-1--align-center--12\">\n<figure class=\"wp-block-image size-large\"><a href=\"https:\/\/growpeople.se\/en\/tjanster\/\"><img loading=\"lazy\" decoding=\"async\" width=\"1024\" height=\"747\" src=\"https:\/\/growpeople.se\/wp-content\/uploads\/2026\/01\/2e9ae2e087a146840488ba3a042b90a24418ea75-1024x747.jpg\" alt=\"\" class=\"wp-image-59\" style=\"aspect-ratio:4\/3;object-fit:cover\" srcset=\"https:\/\/growpeople.se\/wp-content\/uploads\/2026\/01\/2e9ae2e087a146840488ba3a042b90a24418ea75-1024x747.jpg 1024w, https:\/\/growpeople.se\/wp-content\/uploads\/2026\/01\/2e9ae2e087a146840488ba3a042b90a24418ea75-300x219.jpg 300w, https:\/\/growpeople.se\/wp-content\/uploads\/2026\/01\/2e9ae2e087a146840488ba3a042b90a24418ea75-768x560.jpg 768w, https:\/\/growpeople.se\/wp-content\/uploads\/2026\/01\/2e9ae2e087a146840488ba3a042b90a24418ea75-16x12.jpg 16w, https:\/\/growpeople.se\/wp-content\/uploads\/2026\/01\/2e9ae2e087a146840488ba3a042b90a24418ea75.jpg 1440w\" sizes=\"auto, (max-width: 1024px) 100vw, 1024px\" \/><\/a><\/figure>\n\n\n\n<div class=\"wp-block-group is-style-default has-global-padding is-layout-constrained wp-block-group-is-layout-constrained\">\n<h3 class=\"wp-block-heading has-text-align-center\"><strong>Kompetenspartner<\/strong><\/h3>\n\n\n\n<p class=\"has-text-align-center\" style=\"line-height:1.3\">Vi st\u00f6ttar er i delar av rekryteringsprocessen \u2013 fr\u00e5n kravprofil och riktad search till kvalificerad kandidatanalys. Ni f\u00e5r r\u00e4tt st\u00f6d d\u00e4r det g\u00f6r st\u00f6rst skillnad.<\/p>\n<\/div>\n<\/div>\n<\/div>\n<\/div>\n\n\n\n<div class=\"wp-block-buttons is-content-justification-center is-layout-flex wp-container-core-buttons-is-layout-a89b3969 wp-block-buttons-is-layout-flex\">\n<div class=\"wp-block-button is-style-ext-preset--button--natural-1--button-1 is-style-ext-preset--button--natural-1--button-1--13\"><a class=\"wp-block-button__link wp-element-button\" href=\"https:\/\/growpeople.se\/en\/tjanster\/\">L\u00e4s mer<\/a><\/div>\n<\/div>\n<\/div>\n\n\n\n<div class=\"wp-block-group alignfull is-style-ext-preset--group--natural-1--section has-tertiary-background-color has-background has-global-padding is-layout-constrained wp-block-group-is-layout-constrained\" id=\"kontakt\" style=\"margin-top:0;margin-bottom:0;padding-top:var(--wp--preset--spacing--70);padding-bottom:var(--wp--preset--spacing--70)\">\n<div class=\"wp-block-media-text alignwide is-stacked-on-mobile is-image-fill-element is-style-ext-preset--media-text--natural-1--card-1 has-background-background-color has-background is-style-ext-preset--media-text--natural-1--card-1--15\" style=\"grid-template-columns:48% auto\"><figure class=\"wp-block-media-text__media\"><img loading=\"lazy\" decoding=\"async\" width=\"1440\" height=\"960\" src=\"https:\/\/growpeople.se\/wp-content\/uploads\/2026\/01\/8f5b6ec5cbfa5bfe6354c9b6e71988bc57adc23e.jpg\" alt=\"\" class=\"wp-image-52 size-full\" style=\"object-position:50% 50%\" srcset=\"https:\/\/growpeople.se\/wp-content\/uploads\/2026\/01\/8f5b6ec5cbfa5bfe6354c9b6e71988bc57adc23e.jpg 1440w, https:\/\/growpeople.se\/wp-content\/uploads\/2026\/01\/8f5b6ec5cbfa5bfe6354c9b6e71988bc57adc23e-300x200.jpg 300w, https:\/\/growpeople.se\/wp-content\/uploads\/2026\/01\/8f5b6ec5cbfa5bfe6354c9b6e71988bc57adc23e-1024x683.jpg 1024w, https:\/\/growpeople.se\/wp-content\/uploads\/2026\/01\/8f5b6ec5cbfa5bfe6354c9b6e71988bc57adc23e-768x512.jpg 768w, https:\/\/growpeople.se\/wp-content\/uploads\/2026\/01\/8f5b6ec5cbfa5bfe6354c9b6e71988bc57adc23e-18x12.jpg 18w\" sizes=\"auto, (max-width: 1440px) 100vw, 1440px\" \/><\/figure><div class=\"wp-block-media-text__content\">\n<div class=\"wp-block-group alignwide has-global-padding is-layout-constrained wp-container-core-group-is-layout-48493932 wp-block-group-is-layout-constrained\" style=\"padding-top:var(--wp--preset--spacing--55);padding-right:var(--wp--preset--spacing--55);padding-bottom:var(--wp--preset--spacing--55);padding-left:var(--wp--preset--spacing--55)\">\n<div class=\"wp-block-contact-form-7-contact-form-selector\">\n<div class=\"wpcf7 no-js\" id=\"wpcf7-f23-o1\" lang=\"sv-SE\" dir=\"ltr\" data-wpcf7-id=\"23\">\n<div class=\"screen-reader-response\"><p role=\"status\" aria-live=\"polite\" aria-atomic=\"true\"><\/p> <ul><\/ul><\/div>\n<form action=\"\/en\/wp-json\/wp\/v2\/pages\/32#wpcf7-f23-o1\" method=\"post\" class=\"wpcf7-form init\" aria-label=\"Kontaktformul\u00e4r\" novalidate=\"novalidate\" data-status=\"init\" data-trp-original-action=\"\/en\/wp-json\/wp\/v2\/pages\/32#wpcf7-f23-o1\">\n<fieldset class=\"hidden-fields-container\"><input type=\"hidden\" name=\"_wpcf7\" value=\"23\" \/><input type=\"hidden\" name=\"_wpcf7_version\" value=\"6.1.5\" \/><input type=\"hidden\" name=\"_wpcf7_locale\" value=\"sv_SE\" \/><input type=\"hidden\" name=\"_wpcf7_unit_tag\" value=\"wpcf7-f23-o1\" \/><input type=\"hidden\" name=\"_wpcf7_container_post\" value=\"0\" \/><input type=\"hidden\" name=\"_wpcf7_posted_data_hash\" value=\"\" \/>\n<\/fieldset>\n<p><label> Ditt namn<br \/>\n<span class=\"wpcf7-form-control-wrap\" data-name=\"your-name\"><input size=\"40\" maxlength=\"400\" class=\"wpcf7-form-control wpcf7-text wpcf7-validates-as-required\" autocomplete=\"name\" aria-required=\"true\" aria-invalid=\"false\" value=\"\" type=\"text\" name=\"your-name\" \/><\/span> <\/label>\n<\/p>\n<p><label> Din e-post<br \/>\n<span class=\"wpcf7-form-control-wrap\" data-name=\"your-email\"><input size=\"40\" maxlength=\"400\" class=\"wpcf7-form-control wpcf7-email wpcf7-validates-as-required wpcf7-text wpcf7-validates-as-email\" autocomplete=\"email\" aria-required=\"true\" aria-invalid=\"false\" value=\"\" type=\"email\" name=\"your-email\" \/><\/span> <\/label>\n<\/p>\n<p><label> \u00c4mne<br \/>\n<span class=\"wpcf7-form-control-wrap\" data-name=\"your-subject\"><input size=\"40\" maxlength=\"400\" class=\"wpcf7-form-control wpcf7-text wpcf7-validates-as-required\" aria-required=\"true\" aria-invalid=\"false\" value=\"\" type=\"text\" name=\"your-subject\" \/><\/span> <\/label>\n<\/p>\n<p><label> Ditt meddelande (valfritt)<br \/>\n<span class=\"wpcf7-form-control-wrap\" data-name=\"your-message\"><textarea cols=\"40\" rows=\"10\" maxlength=\"2000\" class=\"wpcf7-form-control wpcf7-textarea\" aria-invalid=\"false\" name=\"your-message\"><\/textarea><\/span> <\/label>\n<\/p>\n<p><input class=\"wpcf7-form-control wpcf7-submit has-spinner\" type=\"submit\" value=\"Skicka\" \/>\n<\/p><div class=\"wpcf7-response-output\" aria-hidden=\"true\"><\/div>\n<input type=\"hidden\" name=\"trp-form-language\" value=\"en\"\/><\/form>\n<\/div>\n<\/div>\n<\/div>\n<\/div><\/div>\n<\/div>","protected":false},"excerpt":{"rendered":"<p>Vi s\u00e4tter m\u00e4nniskan i centrum Genom tydliga v\u00e4rderingar och v\u00e5r starka tro p\u00e5 att r\u00e4tt m\u00e4nniska \u00e4r basen i varje framg\u00e5ngsrikt f\u00f6retag st\u00f6djer vi er aff\u00e4r och utveckling. M\u00e4nniskan i fokus Kompetens \u00e4r grunden, men m\u00e4nniskan bakom skapar resultaten. Vi bygger er kultur Vi matchar m\u00e4nniskan med ditt team f\u00f6r att skapa ett vinnande lag. [&hellip;]<\/p>\n","protected":false},"author":1,"featured_media":0,"parent":0,"menu_order":0,"comment_status":"closed","ping_status":"closed","template":"no-title","meta":{"footnotes":"[]"},"class_list":["post-32","page","type-page","status-publish","hentry"],"aioseo_notices":[],"_links":{"self":[{"href":"https:\/\/growpeople.se\/en\/wp-json\/wp\/v2\/pages\/32","targetHints":{"allow":["GET"]}}],"collection":[{"href":"https:\/\/growpeople.se\/en\/wp-json\/wp\/v2\/pages"}],"about":[{"href":"https:\/\/growpeople.se\/en\/wp-json\/wp\/v2\/types\/page"}],"author":[{"embeddable":true,"href":"https:\/\/growpeople.se\/en\/wp-json\/wp\/v2\/users\/1"}],"replies":[{"embeddable":true,"href":"https:\/\/growpeople.se\/en\/wp-json\/wp\/v2\/comments?post=32"}],"version-history":[{"count":28,"href":"https:\/\/growpeople.se\/en\/wp-json\/wp\/v2\/pages\/32\/revisions"}],"predecessor-version":[{"id":203,"href":"https:\/\/growpeople.se\/en\/wp-json\/wp\/v2\/pages\/32\/revisions\/203"}],"wp:attachment":[{"href":"https:\/\/growpeople.se\/en\/wp-json\/wp\/v2\/media?parent=32"}],"curies":[{"name":"wp","href":"https:\/\/api.w.org\/{rel}","templated":true}]}}